{"id":60,"date":"2020-05-11T06:47:49","date_gmt":"2020-05-11T06:47:49","guid":{"rendered":"http:\/\/habo-immobilien.de\/?page_id=60"},"modified":"2020-05-14T05:10:22","modified_gmt":"2020-05-14T05:10:22","slug":"neubau-buero-und-wohngebaeude-mit-cafe","status":"publish","type":"page","link":"https:\/\/habo-immobilien.de\/","title":{"rendered":"Neubau B\u00fcro- und Wohngeb\u00e4ude mit Caf\u00e9"},"content":{"rendered":"\n<h2 class=\"wp-block-heading\">Neubauprojekt am Laagberg<\/h2>\n\n\n\n<p>Die Habo Immobilien GmbH plant in Wolfsburg einen drei- bzw. vierst\u00f6ckigen modernen Geb\u00e4udekomplex aus drei optisch voneinander abgegrenzten Geb\u00e4udeteilen. <\/p>\n\n\n\n<figure class=\"wp-block-image size-large\"><img loading=\"lazy\" decoding=\"async\" width=\"1024\" height=\"306\" src=\"https:\/\/habo-immobilien.de\/wp-content\/uploads\/2020\/05\/Bauschlild_Wiese_Mai_2020_03-1024x306.jpg\" alt=\"\" class=\"wp-image-85\" srcset=\"https:\/\/habo-immobilien.de\/wp-content\/uploads\/2020\/05\/Bauschlild_Wiese_Mai_2020_03-1024x306.jpg 1024w, https:\/\/habo-immobilien.de\/wp-content\/uploads\/2020\/05\/Bauschlild_Wiese_Mai_2020_03-300x90.jpg 300w, https:\/\/habo-immobilien.de\/wp-content\/uploads\/2020\/05\/Bauschlild_Wiese_Mai_2020_03-768x230.jpg 768w, https:\/\/habo-immobilien.de\/wp-content\/uploads\/2020\/05\/Bauschlild_Wiese_Mai_2020_03-1536x459.jpg 1536w, https:\/\/habo-immobilien.de\/wp-content\/uploads\/2020\/05\/Bauschlild_Wiese_Mai_2020_03-2048x613.jpg 2048w\" sizes=\"auto, (max-width: 706px) 89vw, (max-width: 767px) 82vw, 740px\" \/><\/figure>\n\n\n\n<p>In dem Gewerbeteil des Geb\u00e4udes werden insgesamt rund 2.500 qm hochwertige B\u00fcrofl\u00e4che entstehen. Davon sind noch Fl\u00e4cheneinheiten von 350 qm bis 1.400 qm zu vermieten.<\/p>\n\n\n\n<p>Im Erdgeschoss des vierst\u00f6ckigen Geb\u00e4udeteils wird ein qualitativ hochwertiges Cafe die G\u00e4ste mit Au\u00dfengastronomie und Blick auf die unber\u00fchrte Landschaft des Wolfsburger Klieverberges zum Verweilen einladen.<\/p>\n\n\n\n<p>Der mittlere Geb\u00e4udekomplex ist f\u00fcr B\u00fcrofl\u00e4chen vorgesehen.<\/p>\n\n\n\n<p>In dem westlichen Geb\u00e4udekomplex werden drei gro\u00dfz\u00fcgige Mietwohnungen mit Balkon gebaut werden.<\/p>\n\n\n\n<p>N\u00e4here Informationen \u00fcber das Neubauprojekt am Laagberg werden in K\u00fcrze ver\u00f6ffentlich werden.<\/p>\n\n\n\n<p><\/p>\n","protected":false},"excerpt":{"rendered":"<p>Neubauprojekt am Laagberg Die Habo Immobilien GmbH plant in Wolfsburg einen drei- bzw. vierst\u00f6ckigen modernen Geb\u00e4udekomplex aus drei optisch voneinander abgegrenzten Geb\u00e4udeteilen. In dem Gewerbeteil des Geb\u00e4udes werden insgesamt rund 2.500 qm hochwertige B\u00fcrofl\u00e4che entstehen. Davon sind noch Fl\u00e4cheneinheiten von 350 qm bis 1.400 qm zu vermieten. Im Erdgeschoss des vierst\u00f6ckigen Geb\u00e4udeteils wird ein qualitativ &hellip; <\/p>\n<p class=\"link-more\"><a href=\"https:\/\/habo-immobilien.de\/\" class=\"more-link\"><span class=\"screen-reader-text\">\u201eNeubau B\u00fcro- und Wohngeb\u00e4ude mit Caf\u00e9\u201c<\/span> weiterlesen<\/a><\/p>\n","protected":false},"author":1,"featured_media":0,"parent":0,"menu_order":0,"comment_status":"closed","ping_status":"closed","template":"","meta":{"footnotes":""},"class_list":["post-60","page","type-page","status-publish","hentry"],"_links":{"self":[{"href":"https:\/\/habo-immobilien.de\/index.php?rest_route=\/wp\/v2\/pages\/60","targetHints":{"allow":["GET"]}}],"collection":[{"href":"https:\/\/habo-immobilien.de\/index.php?rest_route=\/wp\/v2\/pages"}],"about":[{"href":"https:\/\/habo-immobilien.de\/index.php?rest_route=\/wp\/v2\/types\/page"}],"author":[{"embeddable":true,"href":"https:\/\/habo-immobilien.de\/index.php?rest_route=\/wp\/v2\/users\/1"}],"replies":[{"embeddable":true,"href":"https:\/\/habo-immobilien.de\/index.php?rest_route=%2Fwp%2Fv2%2Fcomments&post=60"}],"version-history":[{"count":7,"href":"https:\/\/habo-immobilien.de\/index.php?rest_route=\/wp\/v2\/pages\/60\/revisions"}],"predecessor-version":[{"id":100,"href":"https:\/\/habo-immobilien.de\/index.php?rest_route=\/wp\/v2\/pages\/60\/revisions\/100"}],"wp:attachment":[{"href":"https:\/\/habo-immobilien.de\/index.php?rest_route=%2Fwp%2Fv2%2Fmedia&parent=60"}],"curies":[{"name":"wp","href":"https:\/\/api.w.org\/{rel}","templated":true}]}}