{"id":42,"date":"2020-05-10T21:07:35","date_gmt":"2020-05-10T21:07:35","guid":{"rendered":"http:\/\/habo-immobilien.de\/?page_id=42"},"modified":"2020-05-11T21:33:46","modified_gmt":"2020-05-11T21:33:46","slug":"datenschutz","status":"publish","type":"page","link":"https:\/\/habo-immobilien.de\/?page_id=42","title":{"rendered":"Datenschutz"},"content":{"rendered":"\n<h2 class=\"wp-block-heading\"><strong>I<\/strong>. <strong>Grunds\u00e4tzliches<\/strong><\/h2>\n\n\n\n<p>Ihre personenbezogenen Daten (z.B. Anrede, Name, Anschrift, E-Mail-Adresse, Telefonnummer, Bankverbindung, Kreditkartennummer) werden unter Beachtung der einschl\u00e4gigen gesetzlichen datenschutzrechtlichen Vorschriften, insbesondere der VERORDNUNG (EU) 2016\/679 DES EUROP\u00c4ISCHEN PARLAMENTS UND DES RATES vom 27. April 2016 zum Schutz nat\u00fcrlicher Personen bei der Verarbeitung personenbezogener Daten, zum freien Datenverkehr und zur Aufhebung der Richtlinie 95\/46\/EG (der Datenschutzgrundverordnung \u2013 DSGVO), des Bundesdatenschutzgesetzes (BDSG) und anderer datenbezogener Gesetze [z.B. das Telemediengesetz (TMG)] von uns gespeichert und verarbeitet.<\/p>\n\n\n\n<p>Nach der DSGVO und anderen Vorschriften ist die Datenverarbeitung und -nutzung nur dann zul\u00e4ssig, wenn die DSGVO oder eine andere Rechtsvorschrift dies ausdr\u00fccklich erlaubt oder wenn der Betroffene einwilligt (Verbot mit Erlaubnisvorbehalt).<\/p>\n\n\n\n<p>Nach diesen gesetzlichen Grundlagen ist die Datenverarbeitung und -nutzung insbesondere nur dann zul\u00e4ssig, wenn<\/p>\n\n\n\n<ol class=\"wp-block-list\"><li>die betroffene Person ihre Einwilligung zu der Verarbeitung der sie betreffenden personenbezogenen Daten f\u00fcr einen oder mehrere bestimmte Zwecke gegeben hat;<\/li><li>die Verarbeitung f\u00fcr die Erf\u00fcllung eines Vertrags, dessen Vertragspartei die betroffene Person ist, oder zur Durchf\u00fchrung vorvertraglicher Ma\u00dfnahmen erforderlich ist, die auf Anfrage der betroffenen Person erfolgen;<\/li><li>die Verarbeitung zur Erf\u00fcllung einer rechtlichen Verpflichtung erforderlich ist, der der Verantwortliche unterliegt;<\/li><li>die Verarbeitung erforderlich ist, um lebenswichtige Interessen der betroffenen Person oder einer anderen nat\u00fcrlichen Person zu sch\u00fctzen;<\/li><li>die Verarbeitung f\u00fcr die Wahrnehmung einer Aufgabe erforderlich ist, die im \u00f6ffentlichen Interesse liegt oder in Aus\u00fcbung \u00f6ffentlicher Gewalt erfolgt, die dem Verantwortlichen \u00fcbertragen wurde;<\/li><li>die Verarbeitung zur Wahrung der berechtigten Interessen des Verantwortlichen oder eines Dritten erforderlich ist, sofern nicht die Interessen oder Grundrechte und Grundfreiheiten der betroffenen Person, die den Schutz personenbezogener Daten erfordern, \u00fcberwiegen, insbesondere dann, wenn es sich bei der betroffenen Person um ein Kind handelt.<\/li><\/ol>\n\n\n\n<p>Dementsprechend nutzen und verarbeiten wir Ihre pers\u00f6nlichen Daten nur im zul\u00e4ssigen Rahmen der Vertragsabwicklung oder wenn Sie informiert eingewilligt haben.<\/p>\n\n\n\n<p>Wir geben Ihre personenbezogenen Daten einschlie\u00dflich Ihrer Anschrift und Ihrer E-Mail-Adresse grunds\u00e4tzlich nicht an Dritte weiter. Ausgenommen hiervon sind unsere Dienstleistungspartner, die zur Abwicklung des Vertragsverh\u00e4ltnisses die \u00dcbermittlung von Daten ben\u00f6tigen oder wenn wir ausdr\u00fccklich darauf hingewiesen haben. In diesen F\u00e4llen beschr\u00e4nkt sich der Umfang der \u00fcbermittelten Daten jedoch stets nur auf das erforderliche Minimum.<\/p>\n\n\n\n<h2 class=\"wp-block-heading\"><strong>II. Anonyme Datenerhebung\u00a0<\/strong><\/h2>\n\n\n\n<p>Sie k\u00f6nnen unsere Webseite grunds\u00e4tzlich besuchen, ohne uns mitzuteilen, wer Sie sind. Wir erfahren nur den Namen Ihres Internet Service Providers, die Website, von der aus Sie uns besuchen, und die Seiten unsere Webseite, die Sie besuchen. Eine Auswertung dieser Informationen findet nicht statt. Als einzelner Nutzer bleiben Sie hierbei grunds\u00e4tzlich anonym, eine Zusammenf\u00fchrung mit Ihren pers\u00f6nlichen Daten findet selbstverst\u00e4ndlich nicht statt.<\/p>\n\n\n\n<h2 class=\"wp-block-heading\"><strong>III. Erhebung personenbezogener Daten beim Besuch unserer Webseite und bei Nutzung unserer Dienste allgemein\u00a0<\/strong><\/h2>\n\n\n\n<p>Personenbezogene Daten werden von uns grunds\u00e4tzlich nur dann erhoben, wenn Sie uns diese freiwillig und von sich aus mitteilen. Dies kann beispielsweise bei einer Anfrage an uns oder zur Durchf\u00fchrung eines Vertrages oder bei der Registrierung bzw. Nutzung der Dienste erfolgen, bei denen eine Anmeldung mit personenbezogenen Daten erforderlich sein sollte.<\/p>\n\n\n\n<p>In solchen F\u00e4llen erheben wir grunds\u00e4tzlich nur die Daten, zu denen wir gesetzlich erm\u00e4chtigt sind und die f\u00fcr die Erf\u00fcllung der von Ihnen erw\u00fcnschten Dienste zwingend erforderlich sind (dies w\u00e4ren bspw. bei Mandatsanfragen i.d.R. Ihr Name, Ihre Anschrift, Ihre Telefonnummer und Ihre E-Mail-Adresse). Wenn wir personenbezogene Daten von Ihnen erheben, dann m\u00fcssen Sie stets nur die erforderlichen Daten angeben. Alle zus\u00e4tzlich von Ihnen angegebenen Daten sind rein freiwillig und m\u00fcssen von Ihnen nicht preisgegeben werden. Wenn Sie diese dennoch angeben, dann erteilen Sie uns mit Ihrer Preisgabe Ihre Einwilligung, dass wir auch diese Daten von Ihnen zu dem jeweils angegeben Zweck speichern und verarbeiten d\u00fcrfen; teilweise erbitten wir auch Ihre ausdr\u00fcckliche Einwilligung f\u00fcr datenschutzrechtliche Zwecke, die eine ausdr\u00fcckliche Einwilligung erfordern, die Sie nat\u00fcrlich freiwillig erteilen k\u00f6nnen, an keine weiteren Voraussetzungen gebunden ist und jederzeit f\u00fcr die Zukunft widerrufen werden kann.<\/p>\n\n\n\n<p>Zur h\u00f6chst m\u00f6glichen Sicherheit Ihrer Daten, werden diese per TSL\/SSL-Verschl\u00fcsselung in verschl\u00fcsselter Form \u00fcbertragen. Dies soll einen Missbrauch der Daten durch Dritte verhindern. Ihre Daten werden bei uns nur auf Servern innerhalb der Europ\u00e4ischen Union gespeichert und verarbeitet. Eine \u00dcbertragung in Drittstaaten findet grunds\u00e4tzlich nicht statt.<\/p>\n\n\n\n<h2 class=\"wp-block-heading\"><strong>IV. Datenverarbeitung zur Vertragserf\u00fcllung<\/strong><\/h2>\n\n\n\n<h4 class=\"wp-block-heading\"><strong>(1) Verarbeitungszweck\/Kontaktaufnahme<\/strong><\/h4>\n\n\n\n<p>BeiAuftragserteilung stellen Sie uns Ihre personenbezogenen Daten zur Verf\u00fcgung. Nat\u00fcrlich sind Sie zur Bereitstellung Ihrer personenbezogenen Daten nicht verpflichtet. Allerdings k\u00f6nnen wir ohne Ihre Mitteilung der jeweils erforderlichen Daten den von Ihnen gew\u00fcnschten Dienst (z.B. die Vertragsabf\u00fcllung) nicht erbringen.<\/p>\n\n\n\n<p>Wenn Sie per E-Mail \u00a0Kontakt mit uns aufnehmen, werden die von Ihnen mitgeteilten Daten (z.B. Ihre E-Mail-Adresse, Ihr Name, Ihre Telefonnummer) von uns gespeichert, um Ihre Fragen zu beantworten bzw. Ihr Anliegen zu bearbeiten. <\/p>\n\n\n\n<p>Wir weisen darauf hin, dass die einfache Daten\u00fcbertragung im Internet (insbesondere bei der Kommunikation per E-Mail) Sicherheitsl\u00fccken aufweisen kann.<\/p>\n\n\n\n<h4 class=\"wp-block-heading\"><strong>(2) Rechtsgrundlage<\/strong><\/h4>\n\n\n\n<p>Rechtsgrundlage f\u00fcr diese Verarbeitung ist Art. 6 Abs. 1 b) DSGVO.<\/p>\n\n\n\n<h4 class=\"wp-block-heading\"><strong>(3) Speicherdauer<\/strong><\/h4>\n\n\n\n<p>Die zur Vertragsabwicklung erforderlichen Daten speichern wir bis zum Ablauf der gesetzlichen Speicherfristen.<\/p>\n\n\n\n<p>Die nach Handels- und Steuerrecht erforderlichen Daten bewahren wir f\u00fcr die gesetzlich bestimmten Zeitr\u00e4ume auf, regelm\u00e4\u00dfig zehn Jahre (vgl. \u00a7 257 HGB, \u00a7 147 AO).<\/p>\n\n\n\n<h3 class=\"wp-block-heading\"><strong>VIII. Datenschutzrechtliche Einwilligung<\/strong><\/h3>\n\n\n\n<h4 class=\"wp-block-heading\"><strong>1. )<\/strong>&nbsp;Anmeldung<\/h4>\n\n\n\n<p>Mit Ihrer Kontaktaufnahme willigen Sie ein, dass wir Ihre personenbezogenen Daten, die Sie uns freiwillig mitgeteilt haben, zB. namentlich Name, E-Mail-Adresse, f\u00fcr die Beantwortung  erhoben und verarbeitet werden:<\/p>\n\n\n\n<h4 class=\"wp-block-heading\"><strong>3.) Widerruf Ihrer Einwilligung<\/strong><\/h4>\n\n\n\n<p>Haben Sie uns eine datenschutzrechtliche Einwilligung f\u00fcr bestimmte Datennutzungen und\/oder Dienste erteilt, k\u00f6nnen Sie diese selbstverst\u00e4ndlich jederzeit mit Wirkung f\u00fcr die Zukunft widerrufen. Dazu gen\u00fcgt eine einfache Nachricht an die nachfolgend angegebene Adresse<\/p>\n\n\n\n<p>Habo Immobilien GmbH<\/p>\n\n\n\n<p>Mecklenburger Str. 7, 38440 Wolfsburg<\/p>\n\n\n\n<p>Tel. +49 (0)5361 39 04 0<\/p>\n\n\n\n<p>Fax. +49(0)5361 39 04 44<\/p>\n\n\n\n<p>mail (at) Habo-immobilien.de<\/p>\n\n\n\n<h3 class=\"wp-block-heading\"><strong>IX. Ihre Rechte als betroffene Person<\/strong><\/h3>\n\n\n\n<p>Ihnen stehen als betroffene Person in Bezug auf Ihre personenbezogenen Daten diverse Rechte zur Seite. Wir haben als Verantwortliche hier geeignete Ma\u00dfnahmen getroffen, um Ihnen als betroffene Person alle Informationen gem\u00e4\u00df den Artikeln 13 und 14 der DSGVO und alle Mitteilungen gem\u00e4\u00df den Artikeln 15 bis 22 und Artikel 34 DSGVO, die sich auf die Verarbeitung beziehen, in pr\u00e4ziser, transparenter, verst\u00e4ndlicher und leicht zug\u00e4nglicher Form in einer klaren und einfachen Sprache zu \u00fcbermitteln. Die \u00dcbermittlung der Informationen erfolgt schriftlich oder in anderer Form, gegebenenfalls auch elektronisch. Falls von Ihnen verlangt, kann die Information auch m\u00fcndlich erteilt werden, sofern Ihre Identit\u00e4t als betroffenen Person in anderer Form nachgewiesen wurde.<\/p>\n\n\n\n<p>Ihnen steht u.a. selbstverst\u00e4ndlich jederzeit das Recht zu, schriftlich oder elektronisch Auskunft \u00fcber die zu Ihrer Person gespeicherten Daten und deren Herkunft, den oder die Empf\u00e4nger, an die Daten weitergegeben werden und den Zweck der Speicherung zu verlangen. Zudem haben Sie das Recht zu verlangen, dass unrichtige Daten berichtigt und, wenn daf\u00fcr die gesetzlichen Voraussetzungen vorliegen, Ihre Daten gel\u00f6scht oder gesperrt werden. Dazu gen\u00fcgt eine einfache Nachricht an die nachfolgend angegebene Adresse:<\/p>\n\n\n\n<p>Habo Immobilien GmbH<\/p>\n\n\n\n<p>Mecklenburger Str. 7, 38440 Wolfsburg<\/p>\n\n\n\n<p>Tel. +49 (0)5361 39 04 0<\/p>\n\n\n\n<p>Fax. +49(0)5361 39 04 44<\/p>\n\n\n\n<p>mail (at) habo-immobilien.de<\/p>\n\n\n\n<p>Im Einzelnen haben Sie die folgenden Rechte:<\/p>\n\n\n\n<h4 class=\"wp-block-heading\"><strong>1. Recht auf Best\u00e4tigung und Auskunft<\/strong><\/h4>\n\n\n\n<p>Sie k\u00f6nnen von uns eine Best\u00e4tigung dar\u00fcber verlangen, ob personenbezogene Daten, die Sie betreffen, von uns verarbeitet werden.<\/p>\n\n\n\n<p>Verarbeiten wir von Ihnen Daten, k\u00f6nnen Sie von uns \u00fcber folgende Informationen Auskunft verlangen:<\/p>\n\n\n\n<ul class=\"wp-block-list\"><li>die Zwecke, zu denen die personenbezogenen Daten verarbeitet werden;<\/li><li>die Kategorien von personenbezogenen Daten, welche verarbeitet werden;<\/li><li>die Empf\u00e4nger bzw. die Kategorien von Empf\u00e4ngern, gegen\u00fcber denen die Sie betreffenden personenbezogenen Daten offengelegt wurden oder noch offengelegt werden;<\/li><li>die geplante Dauer der Speicherung der Sie betreffenden personenbezogenen Daten oder, falls konkrete Angaben hierzu nicht m\u00f6glich sind, Kriterien f\u00fcr die Festlegung der Speicherdauer;<\/li><li>das Bestehen eines Rechts auf Berichtigung oder L\u00f6schung der Sie betreffenden personenbezogenen Daten, eines Rechts auf Einschr\u00e4nkung der Verarbeitung durch uns oder eines Widerspruchsrechts gegen diese Verarbeitung;<\/li><li>das Bestehen eines Beschwerderechts bei einer Aufsichtsbeh\u00f6rde;alle verf\u00fcgbaren Informationen \u00fcber die Herkunft der Daten, wenn die personenbezogenen Daten nicht bei der betroffenen Person erhoben werden;<\/li><li>das Bestehen einer automatisierten Entscheidungsfindung einschlie\u00dflich Profiling gem\u00e4\u00df Art. 22 Abs. 1 und 4 DSGVO und \u2013 zumindest in diesen F\u00e4llen \u2013 aussagekr\u00e4ftige Informationen \u00fcber die involvierte Logik sowie die Tragweite und die angestrebten Auswirkungen einer derartigen Verarbeitung f\u00fcr die betroffene Person.<\/li><\/ul>\n\n\n\n<p>Weiter steht Ihnen steht das Recht zu, Auskunft dar\u00fcber zu verlangen, ob die Sie betreffenden personenbezogenen Daten in ein Drittland oder an eine internationale Organisation \u00fcbermittelt werden. In diesem Zusammenhang k\u00f6nnen Sie verlangen, \u00fcber die geeigneten Garantien gem. Art. 46 DSGVO im Zusammenhang mit der \u00dcbermittlung unterrichtet zu werden.<\/p>\n\n\n\n<h4 class=\"wp-block-heading\"><strong>2. Recht auf Berichtigung<\/strong><\/h4>\n\n\n\n<p>Sie haben ein Recht auf Berichtigung und\/oder Vervollst\u00e4ndigung uns gegen\u00fcber, sofern die verarbeiteten personenbezogenen Daten, die Sie betreffen, unrichtig oder unvollst\u00e4ndig sind. Wir m\u00fcssen die Berichtigung selbstverst\u00e4ndlich unverz\u00fcglich vornehmen.<\/p>\n\n\n\n<h4 class=\"wp-block-heading\"><strong>3. Recht auf Einschr\u00e4nkung der Verarbeitung<\/strong><\/h4>\n\n\n\n<p>Unter den folgenden Voraussetzungen k\u00f6nnen Sie die Einschr\u00e4nkung der Verarbeitung der Sie betreffenden personenbezogenen Daten verlangen:<\/p>\n\n\n\n<ul class=\"wp-block-list\"><li>wenn Sie die Richtigkeit der Sie betreffenden personenbezogenen Daten f\u00fcr eine Dauer bestreiten, die es uns erm\u00f6glicht, die Richtigkeit der personenbezogenen Daten zu \u00fcberpr\u00fcfen;<\/li><li>wenn die Verarbeitung unrechtm\u00e4\u00dfig ist und Sie die L\u00f6schung der personenbezogenen Daten ablehnen und stattdessen die Einschr\u00e4nkung der Nutzung der personenbezogenen Daten verlangen;<\/li><li>wenn wir die personenbezogenen Daten f\u00fcr die Zwecke der Verarbeitung nicht l\u00e4nger ben\u00f6tigen, Sie diese jedoch zur Geltendmachung, Aus\u00fcbung oder Verteidigung von Rechtsanspr\u00fcchen ben\u00f6tigen, oder<\/li><li>wenn Sie Widerspruch gegen die Verarbeitung gem\u00e4\u00df Art. 21 Abs. 1 DSGVO eingelegt haben und noch nicht feststeht, ob die uns zustehenden berechtigten Gr\u00fcnde gegen\u00fcber Ihren Gr\u00fcnden \u00fcberwiegen.<\/li><\/ul>\n\n\n\n<p>Wurde die Verarbeitung der Sie betreffenden personenbezogenen Daten eingeschr\u00e4nkt, d\u00fcrfen diese Daten \u2013 von ihrer Speicherung abgesehen \u2013 nur mit Ihrer Einwilligung oder zur Geltendmachung, Aus\u00fcbung oder Verteidigung von Rechtsanspr\u00fcchen oder zum Schutz der Rechte einer anderen nat\u00fcrlichen oder juristischen Person oder aus Gr\u00fcnden eines wichtigen \u00f6ffentlichen Interesses der Union oder eines Mitgliedstaats von uns oder berechtigten Dritten verarbeitet werden.<\/p>\n\n\n\n<p>Wurde die Einschr\u00e4nkung der Verarbeitung nach den oben genannten Voraussetzungen eingeschr\u00e4nkt, unterrichten wir Sie, bevor die Einschr\u00e4nkung aufgehoben wird.<\/p>\n\n\n\n<h4 class=\"wp-block-heading\"><strong>4. Recht auf L\u00f6schung<\/strong><\/h4>\n\n\n\n<h5 class=\"wp-block-heading\"><strong>a.) Verpflichtung zur L\u00f6schung<\/strong><\/h5>\n\n\n\n<p>Sie k\u00f6nnen von uns verlangen, dass die Sie betreffenden personenbezogenen Daten unverz\u00fcglich gel\u00f6scht werden, und wir sind verpflichtet, diese Daten unverz\u00fcglich zu l\u00f6schen, sofern einer der folgenden Gr\u00fcnde zutrifft:<\/p>\n\n\n\n<ul class=\"wp-block-list\"><li>Die Sie betreffenden personenbezogenen Daten sind f\u00fcr die Zwecke, f\u00fcr die sie erhoben oder auf sonstige Weise verarbeitet wurden, nicht mehr notwendig.<\/li><li>Sie widerrufen Ihre Einwilligung, auf die sich die Verarbeitung gem. Art. 6 Abs. 1 lit. a oder Art. 9 Abs. 2 lit. a DSGVO st\u00fctzte, und es fehlt an einer anderweitigen Rechtsgrundlage f\u00fcr die Verarbeitung.<\/li><li>Sie legen gem. Art. 21 Abs. 1 DSGVO Widerspruch gegen die Verarbeitung ein und es liegen keine vorrangigen berechtigten Gr\u00fcnde f\u00fcr die Verarbeitung vor, oder Sie legen gem. Art. 21 Abs. 2 DSGVO Widerspruch gegen die Verarbeitung ein.<\/li><li>Die Sie betreffenden personenbezogenen Daten wurden unrechtm\u00e4\u00dfig verarbeitet.<\/li><li>Die L\u00f6schung der Sie betreffenden personenbezogenen Daten ist zur Erf\u00fcllung einer rechtlichen Verpflichtung nach dem Unionsrecht oder dem Recht der Mitgliedstaaten erforderlich, dem wir unterliegen.<\/li><li>Die Sie betreffenden personenbezogenen Daten wurden in Bezug auf angebotene Dienste der Informationsgesellschaft gem\u00e4\u00df Art. 8 Abs. 1 DSGVO erhoben<\/li><\/ul>\n\n\n\n<h5 class=\"wp-block-heading\"><strong>b.) Information an Dritte<\/strong><\/h5>\n\n\n\n<p>Haben wir die Sie betreffenden personenbezogenen Daten \u00f6ffentlich gemacht und sind wir gem. Art. 17 Abs. 1 DSGVO zu deren L\u00f6schung verpflichtet, so treffen wir unter Ber\u00fccksichtigung der verf\u00fcgbaren Technologie und der Implementierungskosten angemessene Ma\u00dfnahmen, auch technischer Art, um die f\u00fcr die Datenverarbeitung Verantwortlichen, die die personenbezogenen Daten verarbeiten, dar\u00fcber zu informieren, dass Sie als betroffene Person von ihnen die L\u00f6schung aller Links zu diesen personenbezogenen Daten oder von Kopien oder Replikationen dieser personenbezogenen Daten verlangt haben.<\/p>\n\n\n\n<h5 class=\"wp-block-heading\"><strong>c) Ausnahmen<\/strong><\/h5>\n\n\n\n<p>Das Recht auf L\u00f6schung besteht nicht, soweit die Verarbeitung erforderlich ist<\/p>\n\n\n\n<p>aa.) zur Aus\u00fcbung des Rechts auf freie Meinungs\u00e4u\u00dferung und Information;<\/p>\n\n\n\n<p>bb.) zur Erf\u00fcllung einer rechtlichen Verpflichtung, die die Verarbeitung nach dem Recht der Union oder der Mitgliedstaaten, dem wir unterliegen, erfordert, oder zur Wahrnehmung einer Aufgabe, die im \u00f6ffentlichen Interesse liegt oder in Aus\u00fcbung \u00f6ffentlicher Gewalt erfolgt, die uns \u00fcbertragen wurde;<\/p>\n\n\n\n<p>cc.) aus Gr\u00fcnden des \u00f6ffentlichen Interesses im Bereich der \u00f6ffentlichen Gesundheit gem\u00e4\u00df Art. 9 Abs. 2 lit. h und i sowie Art. 9 Abs. 3 DSGVO;<\/p>\n\n\n\n<p>dd.) f\u00fcr im \u00f6ffentlichen Interesse liegende Archivzwecke, wissenschaftliche oder historische Forschungszwecke oder f\u00fcr statistische Zwecke gem. Art. 89 Abs. 1 DSGVO, soweit das unter Abschnitt a) genannte Recht voraussichtlich die Verwirklichung der Ziele dieser Verarbeitung unm\u00f6glich macht oder ernsthaft beeintr\u00e4chtigt, oder<\/p>\n\n\n\n<p>ee.) zur Geltendmachung, Aus\u00fcbung oder Verteidigung von Rechtsanspr\u00fcchen.<\/p>\n\n\n\n<h4 class=\"wp-block-heading\"><strong>5) Recht auf Unterrichtung<\/strong><\/h4>\n\n\n\n<p>Haben Sie das Recht auf Berichtigung, L\u00f6schung oder Einschr\u00e4nkung der Verarbeitung uns gegen\u00fcber geltend gemacht, sind wir verpflichtet, allen Empf\u00e4ngern, denen die Sie betreffenden personenbezogenen Daten offengelegt wurden, diese Berichtigung oder L\u00f6schung der Daten oder Einschr\u00e4nkung der Verarbeitung mitzuteilen, es sei denn, dies erweist sich als unm\u00f6glich oder ist mit einem unverh\u00e4ltnism\u00e4\u00dfigen Aufwand verbunden.<\/p>\n\n\n\n<p>Ihnen steht uns gegen\u00fcber das Recht zu, \u00fcber diese Empf\u00e4nger unterrichtet zu werden.<\/p>\n\n\n\n<h4 class=\"wp-block-heading\"><strong>6) Recht auf Daten\u00fcbertragbarkeit<\/strong><\/h4>\n\n\n\n<p>Sie haben das Recht, die Sie betreffenden personenbezogenen Daten, die Sie uns bereitgestellt haben, in einem strukturierten, g\u00e4ngigen und maschinenlesbaren Format zu erhalten. Au\u00dferdem haben Sie das Recht diese Daten einem anderen Verantwortlichen ohne Behinderung zu \u00fcbermitteln, sofern<\/p>\n\n\n\n<ul class=\"wp-block-list\"><li>die Verarbeitung auf einer Einwilligung gem. Art. 6 Abs. 1 lit. a DSGVO oder Art. 9 Abs. 2 lit. a DSGVO oder auf einem Vertrag gem. Art. 6 Abs. 1 lit. b DSGVO beruht und<\/li><li>die Verarbeitung mithilfe automatisierter Verfahren erfolgt.<\/li><\/ul>\n\n\n\n<p>In Aus\u00fcbung dieses Rechts haben Sie ferner das Recht, zu erwirken, dass die Sie betreffenden personenbezogenen Daten direkt von uns einem anderen Verantwortlichen \u00fcbermittelt werden, soweit dies technisch machbar ist. Freiheiten und Rechte anderer Personen d\u00fcrfen hierdurch nicht beeintr\u00e4chtigt werden.<\/p>\n\n\n\n<p>Das Recht auf Daten\u00fcbertragbarkeit gilt nicht f\u00fcr eine Verarbeitung personenbezogener Daten, die f\u00fcr die Wahrnehmung einer Aufgabe erforderlich ist, die im \u00f6ffentlichen Interesse liegt oder in Aus\u00fcbung \u00f6ffentlicher Gewalt erfolgt, die uns \u00fcbertragen wurde.<\/p>\n\n\n\n<h4 class=\"wp-block-heading\"><strong>7) Widerspruchsrecht<\/strong><\/h4>\n\n\n\n<p>Sie haben das Recht, aus Gr\u00fcnden, die sich aus Ihrer besonderen Situation ergeben, jederzeit gegen die Verarbeitung der Sie betreffenden personenbezogenen Daten, die aufgrund von Art. 6 Abs. 1 lit. e oder f DSGVO erfolgt, Widerspruch einzulegen; dies gilt auch f\u00fcr ein auf diese Bestimmungen gest\u00fctztes Profiling.<\/p>\n\n\n\n<p>Wir verarbeiten die Sie betreffenden personenbezogenen Daten dann nicht mehr, es sei denn, wir k\u00f6nnen zwingende schutzw\u00fcrdige Gr\u00fcnde f\u00fcr die Verarbeitung nachweisen, die Ihre Interessen, Rechte und Freiheiten \u00fcberwiegen, oder die Verarbeitung dient der Geltendmachung, Aus\u00fcbung oder Verteidigung von Rechtsanspr\u00fcchen.<\/p>\n\n\n\n<p>Werden die Sie betreffenden personenbezogenen Daten verarbeitet, um Direktwerbung zu betreiben, haben Sie das Recht, jederzeit Widerspruch gegen die Verarbeitung der Sie betreffenden personenbezogenen Daten zum Zwecke derartiger Werbung einzulegen; dies gilt auch f\u00fcr das Profiling, soweit es mit solcher Direktwerbung in Verbindung steht.<\/p>\n\n\n\n<p>Widersprechen Sie der Verarbeitung f\u00fcr Zwecke der Direktwerbung, so werden die Sie betreffenden personenbezogenen Daten nicht mehr f\u00fcr diese Zwecke verarbeitet.<\/p>\n\n\n\n<p>Sie haben die M\u00f6glichkeit, im Zusammenhang mit der Nutzung von Diensten der Informationsgesellschaft \u2013 ungeachtet der Richtlinie 2002\/58\/EG \u2013 Ihr Widerspruchsrecht mittels automatisierter Verfahren auszu\u00fcben, bei denen technische Spezifikationen verwendet werden.<\/p>\n\n\n\n<h4 class=\"wp-block-heading\"><strong>8) Recht auf Widerruf der datenschutzrechtlichen Einwilligungserkl\u00e4rung<\/strong><\/h4>\n\n\n\n<p>Sie haben das Recht, Ihre datenschutzrechtliche Einwilligungserkl\u00e4rung jederzeit zu widerrufen. Durch den Widerruf der Einwilligung wird die Rechtm\u00e4\u00dfigkeit der aufgrund der Einwilligung bis zum Widerruf erfolgten Verarbeitung nicht ber\u00fchrt.<\/p>\n\n\n\n<h4 class=\"wp-block-heading\"><strong>9) Automatisierte Entscheidung im Einzelfall einschlie\u00dflich Profiling<\/strong><\/h4>\n\n\n\n<p>Sie haben das Recht, nicht einer ausschlie\u00dflich auf einer automatisierten Verarbeitung \u2013 einschlie\u00dflich Profiling \u2013 beruhenden Entscheidung unterworfen zu werden, die Ihnen gegen\u00fcber rechtliche Wirkung entfaltet oder Sie in \u00e4hnlicher Weise erheblich beeintr\u00e4chtigt. Dies gilt nicht, wenn die Entscheidung<\/p>\n\n\n\n<ul class=\"wp-block-list\"><li>&nbsp;f\u00fcr den Abschluss oder die Erf\u00fcllung eines Vertrags zwischen Ihnen und uns erforderlich ist,<\/li><li>aufgrund von Rechtsvorschriften der Union oder der Mitgliedstaaten, denen wir unterliegen, zul\u00e4ssig ist und diese Rechtsvorschriften angemessene Ma\u00dfnahmen zur Wahrung Ihrer Rechte und Freiheiten sowie Ihrer berechtigten Interessen enthalten oder<\/li><li>mit Ihrer ausdr\u00fccklichen Einwilligung erfolgt.<\/li><\/ul>\n\n\n\n<p>Allerdings d\u00fcrfen diese Entscheidungen nicht auf besonderen Kategorien personenbezogener Daten nach Art. 9 Abs. 1 DSGVO beruhen, sofern nicht Art. 9 Abs. 2 lit. a oder g gilt und angemessene Ma\u00dfnahmen zum Schutz der Rechte und Freiheiten sowie Ihrer berechtigten Interessen getroffen wurden.<\/p>\n\n\n\n<p>Hinsichtlich der in a.) und c.) genannten F\u00e4lle treffen wir angemessene Ma\u00dfnahmen, um die Rechte und Freiheiten sowie Ihre berechtigten Interessen zu wahren.<\/p>\n\n\n\n<h4 class=\"wp-block-heading\"><strong>10) Recht auf Beschwerde bei einer Aufsichtsbeh\u00f6rde<\/strong><\/h4>\n\n\n\n<p>Unbeschadet eines anderweitigen verwaltungsrechtlichen oder gerichtlichen Rechtsbehelfs steht Ihnen das Recht auf Beschwerde bei einer Aufsichtsbeh\u00f6rde, insbesondere in dem Mitgliedstaat Ihres Aufenthaltsorts, Ihres Arbeitsplatzes oder des Orts des mutma\u00dflichen Versto\u00dfes, zu, wenn Sie der Ansicht sind, dass die Verarbeitung der Sie betreffenden personenbezogenen Daten gegen die DSGVO verst\u00f6\u00dft.<\/p>\n\n\n\n<p>Die Aufsichtsbeh\u00f6rde, bei der die Beschwerde eingereicht wurde, unterrichtet den Beschwerdef\u00fchrer \u00fcber den Stand und die Ergebnisse der Beschwerde einschlie\u00dflich der M\u00f6glichkeit eines gerichtlichen Rechtsbehelfs nach Art. 78 DSGVO.<\/p>\n\n\n\n<h3 class=\"wp-block-heading\"><strong>X. Weitere Informationen<\/strong><\/h3>\n\n\n\n<p>Wenn Sie weitere Fragen oder Anregungen zum Thema \u201cDatenschutz\u201c bei uns haben oder falls Sie Ausk\u00fcnfte zu Ihren Daten oder deren Berichtigung oder L\u00f6schung w\u00fcnschen, schreiben Sie bitte per E-Mail oder Brief an:<\/p>\n\n\n\n<p>Habo Immobilien GmbH<\/p>\n\n\n\n<p>Mecklenburger Str. 7, 38440 Wolfsburg<\/p>\n\n\n\n<p>Tel. +49 (0)5361 39 04 0<\/p>\n\n\n\n<p>Fax. +49(0)5361 39 04 44<\/p>\n\n\n\n<p>mail (at) Habo-immobilien.de<\/p>\n\n\n\n<p><strong>Wolfsburg, im Mai 2020<\/strong><\/p>\n","protected":false},"excerpt":{"rendered":"<p>I. Grunds\u00e4tzliches Ihre personenbezogenen Daten (z.B. Anrede, Name, Anschrift, E-Mail-Adresse, Telefonnummer, Bankverbindung, Kreditkartennummer) werden unter Beachtung der einschl\u00e4gigen gesetzlichen datenschutzrechtlichen Vorschriften, insbesondere der VERORDNUNG (EU) 2016\/679 DES EUROP\u00c4ISCHEN PARLAMENTS UND DES RATES vom 27. April 2016 zum Schutz nat\u00fcrlicher Personen bei der Verarbeitung personenbezogener Daten, zum freien Datenverkehr und zur Aufhebung der Richtlinie 95\/46\/EG (der &hellip; <\/p>\n<p class=\"link-more\"><a href=\"https:\/\/habo-immobilien.de\/?page_id=42\" class=\"more-link\"><span class=\"screen-reader-text\">\u201eDatenschutz\u201c<\/span> weiterlesen<\/a><\/p>\n","protected":false},"author":1,"featured_media":0,"parent":0,"menu_order":0,"comment_status":"closed","ping_status":"closed","template":"","meta":{"footnotes":""},"class_list":["post-42","page","type-page","status-publish","hentry"],"_links":{"self":[{"href":"https:\/\/habo-immobilien.de\/index.php?rest_route=\/wp\/v2\/pages\/42","targetHints":{"allow":["GET"]}}],"collection":[{"href":"https:\/\/habo-immobilien.de\/index.php?rest_route=\/wp\/v2\/pages"}],"about":[{"href":"https:\/\/habo-immobilien.de\/index.php?rest_route=\/wp\/v2\/types\/page"}],"author":[{"embeddable":true,"href":"https:\/\/habo-immobilien.de\/index.php?rest_route=\/wp\/v2\/users\/1"}],"replies":[{"embeddable":true,"href":"https:\/\/habo-immobilien.de\/index.php?rest_route=%2Fwp%2Fv2%2Fcomments&post=42"}],"version-history":[{"count":3,"href":"https:\/\/habo-immobilien.de\/index.php?rest_route=\/wp\/v2\/pages\/42\/revisions"}],"predecessor-version":[{"id":81,"href":"https:\/\/habo-immobilien.de\/index.php?rest_route=\/wp\/v2\/pages\/42\/revisions\/81"}],"wp:attachment":[{"href":"https:\/\/habo-immobilien.de\/index.php?rest_route=%2Fwp%2Fv2%2Fmedia&parent=42"}],"curies":[{"name":"wp","href":"https:\/\/api.w.org\/{rel}","templated":true}]}}