{"id":19,"date":"2020-05-10T21:02:59","date_gmt":"2020-05-10T21:02:59","guid":{"rendered":"http:\/\/habo-immobilien.de\/?page_id=19"},"modified":"2020-05-15T07:14:02","modified_gmt":"2020-05-15T07:14:02","slug":"aktuelles","status":"publish","type":"page","link":"https:\/\/habo-immobilien.de\/?page_id=19","title":{"rendered":"Aktuelles"},"content":{"rendered":"\n<p>Am 14.05.2020 wurde im Auftrag der Habo Immobilien GmbH eine pollen- und nektarreiche Bl\u00fchpflanzenmischung auf dem Grundst\u00fcck ausgebracht, um bis zum Baubeginn heimischen Insekten eine Heimat zu geben.  <\/p>\n\n\n\n<figure class=\"wp-block-image size-large\"><img loading=\"lazy\" decoding=\"async\" width=\"1024\" height=\"768\" src=\"https:\/\/habo-immobilien.de\/wp-content\/uploads\/2020\/05\/Grundst\u00fcck_Trecker4-1024x768.jpg\" alt=\"\" class=\"wp-image-111\"\/><\/figure>\n\n\n\n<p>Wolfsburgs Stadtbaurat Kai-Uwe Hirschheide, der Gesch\u00e4ftsf\u00fchrer dem WMG Jens Hofschr\u00f6er, der Ortsb\u00fcrgermeister Matthias Presia begleiteten diesen Beginn des Projekts zusammen der Gesch\u00e4ftsf\u00fchrerin der Habo Immobilien GmbH, Frau Angelika Munte-Bielert, den Gesellschaftern und der Wolfsburger Zeitungen.<\/p>\n\n\n\n<figure class=\"wp-block-image size-large\"><img loading=\"lazy\" decoding=\"async\" width=\"1024\" height=\"684\" src=\"https:\/\/habo-immobilien.de\/wp-content\/uploads\/2020\/05\/Pressetermin-1.jpg\" alt=\"\" class=\"wp-image-118\" srcset=\"https:\/\/habo-immobilien.de\/wp-content\/uploads\/2020\/05\/Pressetermin-1.jpg 1024w, https:\/\/habo-immobilien.de\/wp-content\/uploads\/2020\/05\/Pressetermin-1-300x200.jpg 300w, https:\/\/habo-immobilien.de\/wp-content\/uploads\/2020\/05\/Pressetermin-1-768x513.jpg 768w\" sizes=\"auto, (max-width: 706px) 89vw, (max-width: 767px) 82vw, 740px\" \/><figcaption>Der Ortsb\u00fcrgermeister Mitte-West Matthias Presia, Dr. Oliver Munte, Gesch\u00e4ftsf\u00fchrer der WMG Jens Hofschr\u00f6er, Dr. Benjamin Munte, Hans-Joachim Munte und die HABO-Gesch\u00e4ftsf\u00fchrerin Angelika Munte-Bielert<\/figcaption><\/figure>\n\n\n\n<figure class=\"wp-block-image size-large\"><img loading=\"lazy\" decoding=\"async\" width=\"1024\" height=\"765\" src=\"https:\/\/habo-immobilien.de\/wp-content\/uploads\/2020\/05\/Grundst\u00fcck_Trecker-1024x765.jpg\" alt=\"\" class=\"wp-image-104\"\/><\/figure>\n","protected":false},"excerpt":{"rendered":"<p>Am 14.05.2020 wurde im Auftrag der Habo Immobilien GmbH eine pollen- und nektarreiche Bl\u00fchpflanzenmischung auf dem Grundst\u00fcck ausgebracht, um bis zum Baubeginn heimischen Insekten eine Heimat zu geben. Wolfsburgs Stadtbaurat Kai-Uwe Hirschheide, der Gesch\u00e4ftsf\u00fchrer dem WMG Jens Hofschr\u00f6er, der Ortsb\u00fcrgermeister Matthias Presia begleiteten diesen Beginn des Projekts zusammen der Gesch\u00e4ftsf\u00fchrerin der Habo Immobilien GmbH, Frau &hellip; <\/p>\n<p class=\"link-more\"><a href=\"https:\/\/habo-immobilien.de\/?page_id=19\" class=\"more-link\"><span class=\"screen-reader-text\">\u201eAktuelles\u201c<\/span> weiterlesen<\/a><\/p>\n","protected":false},"author":1,"featured_media":0,"parent":0,"menu_order":0,"comment_status":"closed","ping_status":"closed","template":"","meta":{"footnotes":""},"class_list":["post-19","page","type-page","status-publish","hentry"],"_links":{"self":[{"href":"https:\/\/habo-immobilien.de\/index.php?rest_route=\/wp\/v2\/pages\/19","targetHints":{"allow":["GET"]}}],"collection":[{"href":"https:\/\/habo-immobilien.de\/index.php?rest_route=\/wp\/v2\/pages"}],"about":[{"href":"https:\/\/habo-immobilien.de\/index.php?rest_route=\/wp\/v2\/types\/page"}],"author":[{"embeddable":true,"href":"https:\/\/habo-immobilien.de\/index.php?rest_route=\/wp\/v2\/users\/1"}],"replies":[{"embeddable":true,"href":"https:\/\/habo-immobilien.de\/index.php?rest_route=%2Fwp%2Fv2%2Fcomments&post=19"}],"version-history":[{"count":8,"href":"https:\/\/habo-immobilien.de\/index.php?rest_route=\/wp\/v2\/pages\/19\/revisions"}],"predecessor-version":[{"id":119,"href":"https:\/\/habo-immobilien.de\/index.php?rest_route=\/wp\/v2\/pages\/19\/revisions\/119"}],"wp:attachment":[{"href":"https:\/\/habo-immobilien.de\/index.php?rest_route=%2Fwp%2Fv2%2Fmedia&parent=19"}],"curies":[{"name":"wp","href":"https:\/\/api.w.org\/{rel}","templated":true}]}}