{"id":12,"date":"2020-05-10T20:47:55","date_gmt":"2020-05-10T20:47:55","guid":{"rendered":"http:\/\/habo-immobilien.de\/?page_id=12"},"modified":"2020-05-14T12:52:14","modified_gmt":"2020-05-14T12:52:14","slug":"die-lage","status":"publish","type":"page","link":"https:\/\/habo-immobilien.de\/?page_id=12","title":{"rendered":"Die Lage"},"content":{"rendered":"\n<p>Das Grundst\u00fcck befindet sich in dem Ortsteil Mitte West von Wolfsburg. <\/p>\n\n\n\n<p>Es ist verkehrsg\u00fcnstig an der Autobahnabfahrt &#8222;Westhagen\/Fallersleben&#8220; der A39 gelegen. <\/p>\n\n\n\n<p>Das VW-Werk &#8211; Einfahrt Sandkamp &#8211;  und die Stadtmitte von Wolfsburg sind nur wenige Autominuten entfern.<\/p>\n\n\n\n<p>Hinter dem Grundst\u00fcck befindet sich das Naherholungsgebiet des  Klieversberges mit Gr\u00fcnfl\u00e4chen und dem Wolfsburger Stadtwald. <\/p>\n\n\n\n<p><\/p>\n\n\n\n<figure class=\"wp-block-image size-large\"><img loading=\"lazy\" decoding=\"async\" width=\"747\" height=\"543\" src=\"http:\/\/habo-immobilien.de\/wp-content\/uploads\/2020\/05\/GoogleMaps.jpg\" alt=\"\" class=\"wp-image-15\" srcset=\"https:\/\/habo-immobilien.de\/wp-content\/uploads\/2020\/05\/GoogleMaps.jpg 747w, https:\/\/habo-immobilien.de\/wp-content\/uploads\/2020\/05\/GoogleMaps-300x218.jpg 300w\" sizes=\"auto, (max-width: 706px) 89vw, (max-width: 767px) 82vw, 740px\" \/><\/figure>\n\n\n\n<figure class=\"wp-block-image size-large\"><img loading=\"lazy\" decoding=\"async\" width=\"1024\" height=\"586\" src=\"https:\/\/habo-immobilien.de\/wp-content\/uploads\/2020\/05\/Grundst\u00fcck_Bauschild-1024x586.jpg\" alt=\"\" class=\"wp-image-101\"\/><\/figure>\n","protected":false},"excerpt":{"rendered":"<p>Das Grundst\u00fcck befindet sich in dem Ortsteil Mitte West von Wolfsburg. Es ist verkehrsg\u00fcnstig an der Autobahnabfahrt &#8222;Westhagen\/Fallersleben&#8220; der A39 gelegen. Das VW-Werk &#8211; Einfahrt Sandkamp &#8211; und die Stadtmitte von Wolfsburg sind nur wenige Autominuten entfern. Hinter dem Grundst\u00fcck befindet sich das Naherholungsgebiet des Klieversberges mit Gr\u00fcnfl\u00e4chen und dem Wolfsburger Stadtwald.<\/p>\n","protected":false},"author":1,"featured_media":0,"parent":0,"menu_order":0,"comment_status":"closed","ping_status":"closed","template":"","meta":{"footnotes":""},"class_list":["post-12","page","type-page","status-publish","hentry"],"_links":{"self":[{"href":"https:\/\/habo-immobilien.de\/index.php?rest_route=\/wp\/v2\/pages\/12","targetHints":{"allow":["GET"]}}],"collection":[{"href":"https:\/\/habo-immobilien.de\/index.php?rest_route=\/wp\/v2\/pages"}],"about":[{"href":"https:\/\/habo-immobilien.de\/index.php?rest_route=\/wp\/v2\/types\/page"}],"author":[{"embeddable":true,"href":"https:\/\/habo-immobilien.de\/index.php?rest_route=\/wp\/v2\/users\/1"}],"replies":[{"embeddable":true,"href":"https:\/\/habo-immobilien.de\/index.php?rest_route=%2Fwp%2Fv2%2Fcomments&post=12"}],"version-history":[{"count":12,"href":"https:\/\/habo-immobilien.de\/index.php?rest_route=\/wp\/v2\/pages\/12\/revisions"}],"predecessor-version":[{"id":114,"href":"https:\/\/habo-immobilien.de\/index.php?rest_route=\/wp\/v2\/pages\/12\/revisions\/114"}],"wp:attachment":[{"href":"https:\/\/habo-immobilien.de\/index.php?rest_route=%2Fwp%2Fv2%2Fmedia&parent=12"}],"curies":[{"name":"wp","href":"https:\/\/api.w.org\/{rel}","templated":true}]}}